{"id":6752,"date":"2022-12-01T15:54:09","date_gmt":"2022-12-01T18:54:09","guid":{"rendered":"https:\/\/categoriaoutros.com.br\/?page_id=6752"},"modified":"2023-08-21T09:20:18","modified_gmt":"2023-08-21T12:20:18","slug":"tutoriais-e-aulas-para-iniciantes-sobre-php","status":"publish","type":"page","link":"https:\/\/categoriaoutros.com.br\/?page_id=6752","title":{"rendered":"Gr\u00e1tis: Tutoriais e Aulas para Iniciantes sobre PHP"},"content":{"rendered":"<div class=\"wp-block-image\">\n<figure class=\"aligncenter size-full\"><img loading=\"lazy\" decoding=\"async\" width=\"184\" height=\"184\" src=\"https:\/\/categoriaoutros.com.br\/wp-content\/uploads\/2022\/06\/php_logo.webp\" alt=\"\" class=\"wp-image-3776\" srcset=\"https:\/\/categoriaoutros.com.br\/wp-content\/uploads\/2022\/06\/php_logo.webp 184w, https:\/\/categoriaoutros.com.br\/wp-content\/uploads\/2022\/06\/php_logo-150x150.webp 150w\" sizes=\"auto, (max-width: 184px) 100vw, 184px\" \/><figcaption class=\"wp-element-caption\">PHP: Aulas<\/figcaption><\/figure><\/div>\n\n\n<p>Veja aqui duas listas: Aulas de PHP e Tutoriais. <\/p>\n\n\n\n<h2 class=\"wp-block-heading\">Aulas de PHP para Iniciantes<\/h2>\n\n\n\n<ul class=\"wp-block-list\">\n<li><a href=\"https:\/\/categoriaoutros.com.br\/?p=3633\">PHP \u2013 Aula 001: Introdu\u00e7\u00e3o<\/a><\/li>\n\n\n\n<li><a href=\"https:\/\/categoriaoutros.com.br\/?p=3643\">PHP \u2013 Aula 002: Instalando<\/a><\/li>\n\n\n\n<li><a href=\"https:\/\/categoriaoutros.com.br\/?p=3672\">PHP \u2013 Aula 003: Editor de Texto que Irei Usar e Nossa Primeira P\u00e1gina<\/a><\/li>\n\n\n\n<li><a href=\"https:\/\/categoriaoutros.com.br\/?p=3713\">PHP \u2013 Aula 004: Sintaxe(Declara\u00e7\u00f5es, Coment\u00e1rios, Case Sensitive, Indenta\u00e7\u00e3o, Espa\u00e7os,Tabula\u00e7\u00f5es\u2026)<\/a><\/li>\n\n\n\n<li><a href=\"https:\/\/categoriaoutros.com.br\/?p=3738\">PHP \u2013 Aula 005: Vari\u00e1veis e Tipo de Dados<\/a><\/li>\n\n\n\n<li><a href=\"https:\/\/categoriaoutros.com.br\/?p=3755\">PHP \u2013 Aula 006: Constantes<\/a><\/li>\n\n\n\n<li><a href=\"https:\/\/categoriaoutros.com.br\/?p=3773\">PHP \u2013 Aula 007: Usando a Fun\u00e7\u00e3o var_dump() para Ver Informa\u00e7\u00f5es de uma Vari\u00e1vel<\/a><\/li>\n\n\n\n<li><a href=\"https:\/\/categoriaoutros.com.br\/?p=3801\">PHP \u2013 Aula 008: Mais Sobre Tipos de Dados(Booleano, Integer, Float, String, Null)<\/a><\/li>\n\n\n\n<li><a href=\"https:\/\/categoriaoutros.com.br\/?p=3838\">PHP \u2013 Aula 009: Convers\u00e3o de Tipos(Type Casting)<\/a><\/li>\n\n\n\n<li><a href=\"https:\/\/categoriaoutros.com.br\/?p=3851\">PHP \u2013 Aula 011: Operadores(+, -, *, \/, %, ++, \u2013)<\/a><\/li>\n\n\n\n<li><a href=\"https:\/\/categoriaoutros.com.br\/?p=3876\">PHP \u2013 Aula 012: Um Pouco Mais Sobre Operadores<\/a><\/li>\n\n\n\n<li><a href=\"https:\/\/categoriaoutros.com.br\/?p=3913\">PHP \u2013 Aula 013: Controle de Fluxo com IF, ELSEIF e ELSE<\/a><\/li>\n\n\n\n<li><a href=\"https:\/\/categoriaoutros.com.br\/?p=3927\">PHP \u2013 Aula 014: Controle de Fluxo com Switch<\/a><\/li>\n\n\n\n<li><a href=\"https:\/\/categoriaoutros.com.br\/?p=3937\">PHP \u2013 Aula 015: La\u00e7os de Repeti\u00e7\u00e3o(for, while, do while, for each)<\/a><\/li>\n\n\n\n<li><a href=\"https:\/\/categoriaoutros.com.br\/?p=3955\">PHP \u2013 Aula 016: Usando Break e Continue<\/a><\/li>\n\n\n\n<li><a href=\"https:\/\/categoriaoutros.com.br\/?p=3967\">PHP \u2013 Aula 017: Fun\u00e7\u00f5es<\/a><\/li>\n\n\n\n<li><a href=\"https:\/\/categoriaoutros.com.br\/?p=4000\">PHP \u2013 Aula 018: Escopo das Vari\u00e1veis<\/a><\/li>\n\n\n\n<li><a href=\"https:\/\/categoriaoutros.com.br\/?p=4017\">PHP \u2013 Aula 020: Arrays<\/a><\/li>\n\n\n\n<li><a href=\"https:\/\/categoriaoutros.com.br\/?p=4043\">PHP \u2013 Aula 021: Arrays Multidimensionais<\/a><\/li>\n\n\n\n<li><a href=\"https:\/\/categoriaoutros.com.br\/?p=4052\">PHP \u2013 Aula 022: Usando array_unshift() e array_push() para Acrescentar Elementos no In\u00edcio e Final de um Array<\/a><\/li>\n\n\n\n<li><a href=\"https:\/\/categoriaoutros.com.br\/?p=4057\">PHP \u2013 Aula 023: Usando a Fun\u00e7\u00e3o array_shift() e array_pop() para Remover o Primeiro e \u00daltimo Elemento de um Array<\/a><\/li>\n\n\n\n<li><a href=\"https:\/\/categoriaoutros.com.br\/?p=4062\">PHP \u2013 Aula 024: Usando a Fun\u00e7\u00e3o array_keys()<\/a><\/li>\n\n\n\n<li><a href=\"https:\/\/categoriaoutros.com.br\/?p=4069\">PHP \u2013 Aula 025: Usando a Fun\u00e7\u00f5es array_key_exists() e isset()<\/a><\/li>\n\n\n\n<li><a href=\"https:\/\/categoriaoutros.com.br\/?p=4074\">PHP \u2013 Aula 026: Usando a Fun\u00e7\u00e3o in_array()<\/a><\/li>\n\n\n\n<li><a href=\"https:\/\/categoriaoutros.com.br\/?p=4080\">PHP \u2013 Aula 027: Usando as Fun\u00e7\u00f5es array_merge() e o Operador spread<\/a><\/li>\n\n\n\n<li><a href=\"https:\/\/categoriaoutros.com.br\/?p=4092\">PHP \u2013 Aula 028: Usando a Fun\u00e7\u00e3o array_reverse()<\/a><\/li>\n\n\n\n<li><a href=\"https:\/\/categoriaoutros.com.br\/?p=4096\">PHP \u2013 Aula 029: Usando a Fun\u00e7\u00e3o list() nos Arrays<\/a><\/li>\n\n\n\n<li><a href=\"https:\/\/categoriaoutros.com.br\/?p=4204\">PHP \u2013 Aula 030: Trabalhando com Formul\u00e1rios HTML<\/a><\/li>\n\n\n\n<li><a href=\"https:\/\/categoriaoutros.com.br\/?p=4255\">PHP \u2013 Aula 031: Trabalhando com Formul\u00e1rios HTML. Usando $_SERVER[\u2018PHP_SELF\u2019] e $_SERVER[\u2018PHP_SELF\u2019]<\/a><\/li>\n\n\n\n<li><a href=\"https:\/\/categoriaoutros.com.br\/?p=4263\">PHP \u2013 Aula 032: Trabalhando com Formul\u00e1rios HTML. Estruturando os Arquivos, Pastas e Usando \u201crequire\u201d e \u201c__DIR__\u201d<\/a><\/li>\n\n\n\n<li><a href=\"https:\/\/categoriaoutros.com.br\/?p=4313\">PHP \u2013 Aula 33: Valida\u00e7\u00e3o e Sanitiza\u00e7\u00e3o de Formul\u00e1rio<\/a><\/li>\n\n\n\n<li><a href=\"https:\/\/categoriaoutros.com.br\/?p=4398\">PHP \u2013 Aula 34: Pegando Valores dos Elementos de um Formul\u00e1rio HTML<\/a><\/li>\n\n\n\n<li><a href=\"https:\/\/categoriaoutros.com.br\/?p=5423\">PHP \u2013 Aula 35: Enviando(Upload) Arquivos para o Servidor<\/a><\/li>\n<\/ul>\n\n\n\n<p><\/p>\n\n\n\n<h2 class=\"wp-block-heading\">Tutoriais de PHP <\/h2>\n\n\n\n<ul class=\"wp-block-list\">\n<li><a href=\"https:\/\/categoriaoutros.com.br\/?p=3689\">PHP: Como Exibir Erros em um Arquivo do PHP?<\/a><\/li>\n\n\n\n<li><a href=\"https:\/\/categoriaoutros.com.br\/?p=3696\">PHP: Alterando o Arquivo php.ini para Habilitar a Exibi\u00e7\u00e3o de Erros<\/a><\/li>\n\n\n\n<li><a href=\"https:\/\/categoriaoutros.com.br\/?p=4146\">PHP: Fun\u00e7\u00f5es An\u00f4nimas<\/a><\/li>\n\n\n\n<li><a href=\"https:\/\/categoriaoutros.com.br\/?p=4151\">PHP: Usando Setas em Fun\u00e7\u00f5es(arrow functions)<\/a><\/li>\n\n\n\n<li><a href=\"https:\/\/categoriaoutros.com.br\/?p=4160\">PHP: Fun\u00e7\u00f5es Vari\u00e1veis<\/a><\/li>\n\n\n\n<li><a href=\"https:\/\/categoriaoutros.com.br\/?p=4174\">PHP: Usando a fun\u00e7\u00e3o microtime()<\/a><\/li>\n\n\n\n<li><a href=\"https:\/\/categoriaoutros.com.br\/?p=4180\">PHP: Usando a Fun\u00e7\u00e3o hrtime()<\/a><\/li>\n\n\n\n<li><a href=\"https:\/\/categoriaoutros.com.br\/?p=4168\">PHP: Gerando N\u00fameros Aleat\u00f3rios com rand() e Conhecendo a Fun\u00e7\u00e3o srand()<\/a><\/li>\n<\/ul>\n","protected":false},"excerpt":{"rendered":"<p>Veja aqui duas listas: Aulas de PHP e Tutoriais. Aulas de PHP para Iniciantes Tutoriais de PHP<\/p>\n","protected":false},"author":1,"featured_media":0,"parent":0,"menu_order":0,"comment_status":"closed","ping_status":"closed","template":"","meta":{"footnotes":""},"class_list":["post-6752","page","type-page","status-publish","hentry"],"yoast_head":"<!-- This site is optimized with the Yoast SEO plugin v21.0 - https:\/\/yoast.com\/wordpress\/plugins\/seo\/ -->\n<title>Gr\u00e1tis: Tutoriais e Aulas para Iniciantes sobre PHP - Categoria Outros<\/title>\n<meta name=\"robots\" content=\"index, follow, max-snippet:-1, max-image-preview:large, max-video-preview:-1\" \/>\n<link rel=\"canonical\" href=\"https:\/\/categoriaoutros.com.br\/?page_id=6752\" \/>\n<meta property=\"og:locale\" content=\"pt_BR\" \/>\n<meta property=\"og:type\" content=\"article\" \/>\n<meta property=\"og:title\" content=\"Gr\u00e1tis: Tutoriais e Aulas para Iniciantes sobre PHP - Categoria Outros\" \/>\n<meta property=\"og:description\" content=\"Veja aqui duas listas: Aulas de PHP e Tutoriais. Aulas de PHP para Iniciantes Tutoriais de PHP\" \/>\n<meta property=\"og:url\" content=\"https:\/\/categoriaoutros.com.br\/?page_id=6752\" \/>\n<meta property=\"og:site_name\" content=\"Categoria Outros\" \/>\n<meta property=\"article:publisher\" content=\"https:\/\/www.facebook.com\/categoriaoutros\" \/>\n<meta property=\"article:modified_time\" content=\"2023-08-21T12:20:18+00:00\" \/>\n<meta property=\"og:image\" content=\"https:\/\/categoriaoutros.com.br\/wp-content\/uploads\/2022\/06\/php_logo.webp\" \/>\n<meta name=\"twitter:card\" content=\"summary_large_image\" \/>\n<meta name=\"twitter:site\" content=\"@CategoriaOutros\" \/>\n<meta name=\"twitter:label1\" content=\"Est. tempo de leitura\" \/>\n\t<meta name=\"twitter:data1\" content=\"2 minutos\" \/>\n<script type=\"application\/ld+json\" class=\"yoast-schema-graph\">{\"@context\":\"https:\/\/schema.org\",\"@graph\":[{\"@type\":\"WebPage\",\"@id\":\"https:\/\/categoriaoutros.com.br\/?page_id=6752\",\"url\":\"https:\/\/categoriaoutros.com.br\/?page_id=6752\",\"name\":\"Gr\u00e1tis: Tutoriais e Aulas para Iniciantes sobre PHP - Categoria Outros\",\"isPartOf\":{\"@id\":\"https:\/\/categoriaoutros.com.br\/#website\"},\"datePublished\":\"2022-12-01T18:54:09+00:00\",\"dateModified\":\"2023-08-21T12:20:18+00:00\",\"breadcrumb\":{\"@id\":\"https:\/\/categoriaoutros.com.br\/?page_id=6752#breadcrumb\"},\"inLanguage\":\"pt-BR\",\"potentialAction\":[{\"@type\":\"ReadAction\",\"target\":[\"https:\/\/categoriaoutros.com.br\/?page_id=6752\"]}]},{\"@type\":\"BreadcrumbList\",\"@id\":\"https:\/\/categoriaoutros.com.br\/?page_id=6752#breadcrumb\",\"itemListElement\":[{\"@type\":\"ListItem\",\"position\":1,\"name\":\"In\u00edcio\",\"item\":\"https:\/\/categoriaoutros.com.br\/\"},{\"@type\":\"ListItem\",\"position\":2,\"name\":\"Gr\u00e1tis: Tutoriais e Aulas para Iniciantes sobre PHP\"}]},{\"@type\":\"WebSite\",\"@id\":\"https:\/\/categoriaoutros.com.br\/#website\",\"url\":\"https:\/\/categoriaoutros.com.br\/\",\"name\":\"Categoria Outros\",\"description\":\"Assuntos Diversos\",\"publisher\":{\"@id\":\"https:\/\/categoriaoutros.com.br\/#organization\"},\"potentialAction\":[{\"@type\":\"SearchAction\",\"target\":{\"@type\":\"EntryPoint\",\"urlTemplate\":\"https:\/\/categoriaoutros.com.br\/?s={search_term_string}\"},\"query-input\":\"required name=search_term_string\"}],\"inLanguage\":\"pt-BR\"},{\"@type\":\"Organization\",\"@id\":\"https:\/\/categoriaoutros.com.br\/#organization\",\"name\":\"Categoria Outros\",\"alternateName\":\"Categoria Outros\",\"url\":\"https:\/\/categoriaoutros.com.br\/\",\"logo\":{\"@type\":\"ImageObject\",\"inLanguage\":\"pt-BR\",\"@id\":\"https:\/\/categoriaoutros.com.br\/#\/schema\/logo\/image\/\",\"url\":\"https:\/\/categoriaoutros.com.br\/wp-content\/uploads\/2023\/08\/categoriaoutros-logo.jpg\",\"contentUrl\":\"https:\/\/categoriaoutros.com.br\/wp-content\/uploads\/2023\/08\/categoriaoutros-logo.jpg\",\"width\":400,\"height\":400,\"caption\":\"Categoria Outros\"},\"image\":{\"@id\":\"https:\/\/categoriaoutros.com.br\/#\/schema\/logo\/image\/\"},\"sameAs\":[\"https:\/\/www.facebook.com\/categoriaoutros\",\"https:\/\/twitter.com\/CategoriaOutros\",\"https:\/\/br.pinterest.com\/CategoriaOutros\/\"]}]}<\/script>\n<!-- \/ Yoast SEO plugin. -->","yoast_head_json":{"title":"Gr\u00e1tis: Tutoriais e Aulas para Iniciantes sobre PHP - Categoria Outros","robots":{"index":"index","follow":"follow","max-snippet":"max-snippet:-1","max-image-preview":"max-image-preview:large","max-video-preview":"max-video-preview:-1"},"canonical":"https:\/\/categoriaoutros.com.br\/?page_id=6752","og_locale":"pt_BR","og_type":"article","og_title":"Gr\u00e1tis: Tutoriais e Aulas para Iniciantes sobre PHP - Categoria Outros","og_description":"Veja aqui duas listas: Aulas de PHP e Tutoriais. Aulas de PHP para Iniciantes Tutoriais de PHP","og_url":"https:\/\/categoriaoutros.com.br\/?page_id=6752","og_site_name":"Categoria Outros","article_publisher":"https:\/\/www.facebook.com\/categoriaoutros","article_modified_time":"2023-08-21T12:20:18+00:00","og_image":[{"url":"https:\/\/categoriaoutros.com.br\/wp-content\/uploads\/2022\/06\/php_logo.webp"}],"twitter_card":"summary_large_image","twitter_site":"@CategoriaOutros","twitter_misc":{"Est. tempo de leitura":"2 minutos"},"schema":{"@context":"https:\/\/schema.org","@graph":[{"@type":"WebPage","@id":"https:\/\/categoriaoutros.com.br\/?page_id=6752","url":"https:\/\/categoriaoutros.com.br\/?page_id=6752","name":"Gr\u00e1tis: Tutoriais e Aulas para Iniciantes sobre PHP - Categoria Outros","isPartOf":{"@id":"https:\/\/categoriaoutros.com.br\/#website"},"datePublished":"2022-12-01T18:54:09+00:00","dateModified":"2023-08-21T12:20:18+00:00","breadcrumb":{"@id":"https:\/\/categoriaoutros.com.br\/?page_id=6752#breadcrumb"},"inLanguage":"pt-BR","potentialAction":[{"@type":"ReadAction","target":["https:\/\/categoriaoutros.com.br\/?page_id=6752"]}]},{"@type":"BreadcrumbList","@id":"https:\/\/categoriaoutros.com.br\/?page_id=6752#breadcrumb","itemListElement":[{"@type":"ListItem","position":1,"name":"In\u00edcio","item":"https:\/\/categoriaoutros.com.br\/"},{"@type":"ListItem","position":2,"name":"Gr\u00e1tis: Tutoriais e Aulas para Iniciantes sobre PHP"}]},{"@type":"WebSite","@id":"https:\/\/categoriaoutros.com.br\/#website","url":"https:\/\/categoriaoutros.com.br\/","name":"Categoria Outros","description":"Assuntos Diversos","publisher":{"@id":"https:\/\/categoriaoutros.com.br\/#organization"},"potentialAction":[{"@type":"SearchAction","target":{"@type":"EntryPoint","urlTemplate":"https:\/\/categoriaoutros.com.br\/?s={search_term_string}"},"query-input":"required name=search_term_string"}],"inLanguage":"pt-BR"},{"@type":"Organization","@id":"https:\/\/categoriaoutros.com.br\/#organization","name":"Categoria Outros","alternateName":"Categoria Outros","url":"https:\/\/categoriaoutros.com.br\/","logo":{"@type":"ImageObject","inLanguage":"pt-BR","@id":"https:\/\/categoriaoutros.com.br\/#\/schema\/logo\/image\/","url":"https:\/\/categoriaoutros.com.br\/wp-content\/uploads\/2023\/08\/categoriaoutros-logo.jpg","contentUrl":"https:\/\/categoriaoutros.com.br\/wp-content\/uploads\/2023\/08\/categoriaoutros-logo.jpg","width":400,"height":400,"caption":"Categoria Outros"},"image":{"@id":"https:\/\/categoriaoutros.com.br\/#\/schema\/logo\/image\/"},"sameAs":["https:\/\/www.facebook.com\/categoriaoutros","https:\/\/twitter.com\/CategoriaOutros","https:\/\/br.pinterest.com\/CategoriaOutros\/"]}]}},"_links":{"self":[{"href":"https:\/\/categoriaoutros.com.br\/index.php?rest_route=\/wp\/v2\/pages\/6752","targetHints":{"allow":["GET"]}}],"collection":[{"href":"https:\/\/categoriaoutros.com.br\/index.php?rest_route=\/wp\/v2\/pages"}],"about":[{"href":"https:\/\/categoriaoutros.com.br\/index.php?rest_route=\/wp\/v2\/types\/page"}],"author":[{"embeddable":true,"href":"https:\/\/categoriaoutros.com.br\/index.php?rest_route=\/wp\/v2\/users\/1"}],"replies":[{"embeddable":true,"href":"https:\/\/categoriaoutros.com.br\/index.php?rest_route=%2Fwp%2Fv2%2Fcomments&post=6752"}],"version-history":[{"count":5,"href":"https:\/\/categoriaoutros.com.br\/index.php?rest_route=\/wp\/v2\/pages\/6752\/revisions"}],"predecessor-version":[{"id":12988,"href":"https:\/\/categoriaoutros.com.br\/index.php?rest_route=\/wp\/v2\/pages\/6752\/revisions\/12988"}],"wp:attachment":[{"href":"https:\/\/categoriaoutros.com.br\/index.php?rest_route=%2Fwp%2Fv2%2Fmedia&parent=6752"}],"curies":[{"name":"wp","href":"https:\/\/api.w.org\/{rel}","templated":true}]}}