{"id":6474,"date":"2022-11-22T10:56:14","date_gmt":"2022-11-22T13:56:14","guid":{"rendered":"https:\/\/categoriaoutros.com.br\/?page_id=6474"},"modified":"2023-08-04T13:22:54","modified_gmt":"2023-08-04T16:22:54","slug":"tutoriais-sobre-gnu-linux","status":"publish","type":"page","link":"https:\/\/categoriaoutros.com.br\/?page_id=6474","title":{"rendered":"TUTORIAIS:  LINUX"},"content":{"rendered":"\n<p>Aqui est\u00e3o links sobre Tutoriais, Curso e Manuais de comandos de Linux. <\/p>\n\n\n\n<p>Esta p\u00e1gina est\u00e1 sendo alimentada com frequ\u00eancia e, assim, novos manuais, help(ajuda) de comandos e tutoriais s\u00e3o inclu\u00eddos.<\/p>\n\n\n\n<h2 class=\"wp-block-heading\">CURSO DE LINUX<\/h2>\n\n\n\n<ol class=\"wp-block-list\">\n<li><a href=\"https:\/\/categoriaoutros.com.br\/?p=6555\">Linux: Introdu\u00e7\u00e3o ao Mundo Linux \u2013 Artigo 001<\/a><\/li>\n<\/ol>\n\n\n\n<h2 class=\"wp-block-heading\">TUTORIAIS SOBRE LINUX<\/h2>\n\n\n\n<ol class=\"wp-block-list\">\n<li><a href=\"https:\/\/categoriaoutros.com.br\/?p=6555\">Linux: Introdu\u00e7\u00e3o ao Mundo Linux \u2013 Artigo 001<\/a><\/li>\n\n\n\n<li><a href=\"https:\/\/categoriaoutros.com.br\/?p=6713\">Linux: Como Converter o Resultado de MAN para HTML<\/a><\/li>\n\n\n\n<li><a href=\"https:\/\/categoriaoutros.com.br\/?p=6682\">Linux: Ajuda(help) em Portugu\u00eas da Ferramenta PARTED<\/a><\/li>\n\n\n\n<li><a href=\"https:\/\/categoriaoutros.com.br\/?p=6661\">Linux: Usando PARTED para Criar, Redimensionar e Recuperar Parti\u00e7\u00f5es<\/a><\/li>\n\n\n\n<li><a href=\"https:\/\/categoriaoutros.com.br\/?p=6643\">O que S\u00e3o Daemons em Linux?<\/a><\/li>\n\n\n\n<li><a href=\"https:\/\/categoriaoutros.com.br\/?p=6490\">Enviando Email com sendEmail no Linux, Windows\u2026<\/a><\/li>\n\n\n\n<li><a href=\"https:\/\/categoriaoutros.com.br\/?p=6461\">Linux: Instalando o Clinte ddns DYNU<\/a><\/li>\n\n\n\n<li><a href=\"https:\/\/categoriaoutros.com.br\/?p=6778\">Linux Tutoriais: Como Usar LS para Listar Pastas Primeiro?<\/a><\/li>\n\n\n\n<li><a href=\"https:\/\/categoriaoutros.com.br\/?p=6951\">Linux: P\u00e1gina do Ubuntu com Manual de Comandos em Portugu\u00eas<\/a><\/li>\n\n\n\n<li><a href=\"https:\/\/categoriaoutros.com.br\/?p=6968\">Linux: Qual a Diferen\u00e7a entre APT REMOVE, AUTOREMOVE e PURGE?<\/a><\/li>\n\n\n\n<li><a href=\"https:\/\/categoriaoutros.com.br\/?p=7053\">Linux: Usando LS para Ordenar Alfabeticamente por Extens\u00e3o do Arquivo<\/a><\/li>\n\n\n\n<li><a href=\"https:\/\/categoriaoutros.com.br\/?p=7057\">Linux: Qual a Diferen\u00e7a entre modify e changed do Comando STAT?<\/a><\/li>\n\n\n\n<li><a href=\"https:\/\/categoriaoutros.com.br\/?p=7171\">Linux: Exemplos de Uso do Comando IFCONFIG<\/a><\/li>\n\n\n\n<li><a href=\"https:\/\/categoriaoutros.com.br\/?p=7176\">Linux: Entenda o que S\u00e3o XORG, X Server, X Client, Windows Manager e Desktop Environment<\/a><\/li>\n\n\n\n<li><a href=\"https:\/\/categoriaoutros.com.br\/?p=7396\">Linux: Exemplo de Montagem em \/etc\/fstab<\/a><\/li>\n\n\n\n<li><a href=\"https:\/\/categoriaoutros.com.br\/?p=7403\">Linux: Entendendo sobre o Arquivo \/etc\/fstab<\/a><\/li>\n\n\n\n<li><a href=\"https:\/\/categoriaoutros.com.br\/?p=7410\">Linux: O que Significam MONTAR e PONTO DE MONTAGEM?<\/a><\/li>\n\n\n\n<li><a href=\"https:\/\/categoriaoutros.com.br\/?p=7422\">Linux: Algumas Formas de Ver Informa\u00e7\u00f5es do Processador<\/a><\/li>\n\n\n\n<li><a href=\"https:\/\/categoriaoutros.com.br\/?p=7434\">Linux: Vendo Informa\u00e7\u00f5es sobre Modelo e Driver da Placa de Rede<\/a><\/li>\n\n\n\n<li><a href=\"https:\/\/categoriaoutros.com.br\/?p=7431\">Linux: Vendo Informa\u00e7\u00f5es de Hardware com HWinfo<\/a><\/li>\n\n\n\n<li><a href=\"https:\/\/categoriaoutros.com.br\/?p=7461\">Linux: ifconfig \u201cComando n\u00e3o Encontrado(command not found)\u201d<\/a><\/li>\n<\/ol>\n\n\n\n<p>Para os Outros Tutoriais Linux Clique em: <a href=\"https:\/\/categoriaoutros.com.br\/?s=Linux%3A\"><mark style=\"background-color:#00d084\" class=\"has-inline-color\">https:\/\/categoriaoutros.com.br\/linux-tutoriais<\/mark><\/a><\/p>\n\n\n\n<h2 class=\"wp-block-heading\">MANUAIS e HELP de Comandos Linux EM PORTUGU\u00caS<\/h2>\n\n\n\n<ul class=\"wp-block-list\">\n<li><strong><mark style=\"background-color:rgba(0, 0, 0, 0)\" class=\"has-inline-color has-vivid-purple-color\">Manual<\/mark><\/strong>: <a href=\"https:\/\/categoriaoutros.com.br\/?p=6737\">Linux: LS \u2013 Manual em Portugu\u00eas<\/a>  \/  <mark style=\"background-color:rgba(0, 0, 0, 0)\" class=\"has-inline-color has-vivid-purple-color\"><strong>Help:<\/strong><\/mark> <\/li>\n\n\n\n<li><strong><mark style=\"background-color:rgba(0, 0, 0, 0)\" class=\"has-inline-color has-vivid-purple-color\">Manual<\/mark><\/strong>: <a href=\"https:\/\/categoriaoutros.com.br\/?p=6708\">Linux: TUNE2FS \u2013 Manual em Portugu\u00eas<\/a><\/li>\n\n\n\n<li><strong><mark style=\"background-color:rgba(0, 0, 0, 0)\" class=\"has-inline-color has-vivid-purple-color\">Manual<\/mark><\/strong>: <a href=\"https:\/\/categoriaoutros.com.br\/?p=6701\">Linux: WIPEFS \u2013 Manual em Portugu\u00eas<\/a><\/li>\n\n\n\n<li><strong><mark style=\"background-color:rgba(0, 0, 0, 0)\" class=\"has-inline-color has-vivid-purple-color\">Manual<\/mark><\/strong>: <a href=\"https:\/\/categoriaoutros.com.br\/?p=6815\">Linux: STAT \u2013 Manual em Portugu\u00eas<\/a> \/  <mark style=\"background-color:rgba(0, 0, 0, 0)\" class=\"has-inline-color has-vivid-purple-color\"><strong>Help:<\/strong><\/mark>  <a href=\"https:\/\/categoriaoutros.com.br\/?p=6797\">Linux: STAT \u2013Help em Portugu\u00eas<\/a><\/li>\n\n\n\n<li><strong><mark style=\"background-color:rgba(0, 0, 0, 0)\" class=\"has-inline-color has-vivid-purple-color\">Manual<\/mark><\/strong>: <a href=\"https:\/\/categoriaoutros.com.br\/?p=6825\">Linux: DF \u2013 Manual em Portugu\u00eas<\/a> \/  <mark style=\"background-color:rgba(0, 0, 0, 0)\" class=\"has-inline-color has-vivid-purple-color\"><strong>Help:<\/strong><\/mark><\/li>\n\n\n\n<li><strong><mark style=\"background-color:rgba(0, 0, 0, 0)\" class=\"has-inline-color has-vivid-purple-color\">Manual<\/mark><\/strong>: <a href=\"https:\/\/categoriaoutros.com.br\/?p=6844\">Linux: LS \u2013 Manual em Portugu\u00eas<\/a>  \/  <mark style=\"background-color:rgba(0, 0, 0, 0)\" class=\"has-inline-color has-vivid-purple-color\"><strong>Help:<\/strong><\/mark><\/li>\n\n\n\n<li><strong><mark style=\"background-color:rgba(0, 0, 0, 0)\" class=\"has-inline-color has-vivid-purple-color\">Manual<\/mark><\/strong>: <a href=\"https:\/\/categoriaoutros.com.br\/?p=6962\">Linux: APT \u2013 Manual em Portugu\u00eas<\/a> \/  <mark style=\"background-color:rgba(0, 0, 0, 0)\" class=\"has-inline-color has-vivid-purple-color\"><strong>Help:<\/strong><\/mark> <a href=\"https:\/\/categoriaoutros.com.br\/?p=6986\">Linux: APT \u2013 Help em Portugu\u00eas<\/a><\/li>\n\n\n\n<li><strong><mark style=\"background-color:rgba(0, 0, 0, 0)\" class=\"has-inline-color has-vivid-purple-color\">Manual<\/mark><\/strong>: <a href=\"https:\/\/categoriaoutros.com.br\/?p=7109\">Linux: MKDIR \u2013 Manual em Portugu\u00eas<\/a>  \/  <mark style=\"background-color:rgba(0, 0, 0, 0)\" class=\"has-inline-color has-vivid-purple-color\"><strong>Help:<\/strong><\/mark> <a href=\"https:\/\/categoriaoutros.com.br\/?p=7115\">Linux: MKDIR \u2013Help em Portugu\u00eas<\/a><\/li>\n\n\n\n<li><strong><mark style=\"background-color:rgba(0, 0, 0, 0)\" class=\"has-inline-color has-vivid-purple-color\">Manual<\/mark><\/strong>: <a href=\"https:\/\/categoriaoutros.com.br\/?p=7184\">Linux: ROUTE \u2013 Manual em Portugu\u00eas<\/a> \/  <mark style=\"background-color:rgba(0, 0, 0, 0)\" class=\"has-inline-color has-vivid-purple-color\"><strong>Help:<\/strong><\/mark> <a href=\"https:\/\/categoriaoutros.com.br\/?p=7189\">Linux: ROUTE \u2013Help em Portugu\u00eas<\/a><\/li>\n\n\n\n<li><strong><mark style=\"background-color:rgba(0, 0, 0, 0)\" class=\"has-inline-color has-vivid-purple-color\">Manual<\/mark><\/strong>: <a href=\"https:\/\/categoriaoutros.com.br\/?p=7586\">Linux: DPKG \u2013 Manual em Portugu\u00eas<\/a>  \/  <mark style=\"background-color:rgba(0, 0, 0, 0)\" class=\"has-inline-color has-vivid-purple-color\"><strong>Help:<\/strong><\/mark> <\/li>\n\n\n\n<li><strong><mark style=\"background-color:rgba(0, 0, 0, 0)\" class=\"has-inline-color has-vivid-purple-color\">Manual<\/mark><\/strong>:   \/  <mark style=\"background-color:rgba(0, 0, 0, 0)\" class=\"has-inline-color has-vivid-purple-color\"><strong>Help:<\/strong><\/mark> <a href=\"https:\/\/categoriaoutros.com.br\/?p=7593\">Linux: DPKG \u2013 Help em Portugu\u00eas<\/a><\/li>\n\n\n\n<li><strong><mark style=\"background-color:rgba(0, 0, 0, 0)\" class=\"has-inline-color has-vivid-purple-color\">Manual<\/mark><\/strong>:  <a href=\"https:\/\/categoriaoutros.com.br\/?p=7677\">Linux: TEE \u2013 Manual em Portugu\u00eas<\/a>  \/  <mark style=\"background-color:rgba(0, 0, 0, 0)\" class=\"has-inline-color has-vivid-purple-color\"><strong>Help:<\/strong><\/mark>  <a href=\"https:\/\/categoriaoutros.com.br\/?p=7686\">Linux: TEE \u2013 Help em Portugu\u00eas<\/a><\/li>\n\n\n\n<li><strong><mark style=\"background-color:rgba(0, 0, 0, 0)\" class=\"has-inline-color has-vivid-purple-color\">Manual<\/mark><\/strong>:    \/  <mark style=\"background-color:rgba(0, 0, 0, 0)\" class=\"has-inline-color has-vivid-purple-color\"><strong>Help:<\/strong><\/mark>  <a href=\"https:\/\/categoriaoutros.com.br\/?p=12212\">LSBLK \u2013 Ajuda(&#8211;help) em Portugu\u00eas<\/a><\/li>\n<\/ul>\n\n\n\n<p><\/p>\n","protected":false},"excerpt":{"rendered":"<p>Aqui est\u00e3o links sobre Tutoriais, Curso e Manuais de comandos de Linux. Esta p\u00e1gina est\u00e1 sendo alimentada com frequ\u00eancia e, assim, novos manuais, help(ajuda) de comandos e tutoriais s\u00e3o inclu\u00eddos. CURSO DE LINUX TUTORIAIS SOBRE LINUX Para os Outros Tutoriais Linux Clique em: https:\/\/categoriaoutros.com.br\/linux-tutoriais MANUAIS e HELP de Comandos Linux EM PORTUGU\u00caS<\/p>\n","protected":false},"author":1,"featured_media":0,"parent":0,"menu_order":0,"comment_status":"closed","ping_status":"closed","template":"","meta":{"footnotes":""},"class_list":["post-6474","page","type-page","status-publish","hentry"],"yoast_head":"<!-- This site is optimized with the Yoast SEO plugin v21.0 - https:\/\/yoast.com\/wordpress\/plugins\/seo\/ -->\n<title>TUTORIAIS: LINUX - Categoria Outros<\/title>\n<meta name=\"robots\" content=\"index, follow, max-snippet:-1, max-image-preview:large, max-video-preview:-1\" \/>\n<link rel=\"canonical\" href=\"https:\/\/categoriaoutros.com.br\/?page_id=6474\" \/>\n<meta property=\"og:locale\" content=\"pt_BR\" \/>\n<meta property=\"og:type\" content=\"article\" \/>\n<meta property=\"og:title\" content=\"TUTORIAIS: LINUX - Categoria Outros\" \/>\n<meta property=\"og:description\" content=\"Aqui est\u00e3o links sobre Tutoriais, Curso e Manuais de comandos de Linux. Esta p\u00e1gina est\u00e1 sendo alimentada com frequ\u00eancia e, assim, novos manuais, help(ajuda) de comandos e tutoriais s\u00e3o inclu\u00eddos. CURSO DE LINUX TUTORIAIS SOBRE LINUX Para os Outros Tutoriais Linux Clique em: https:\/\/categoriaoutros.com.br\/linux-tutoriais MANUAIS e HELP de Comandos Linux EM PORTUGU\u00caS\" \/>\n<meta property=\"og:url\" content=\"https:\/\/categoriaoutros.com.br\/?page_id=6474\" \/>\n<meta property=\"og:site_name\" content=\"Categoria Outros\" \/>\n<meta property=\"article:publisher\" content=\"https:\/\/www.facebook.com\/categoriaoutros\" \/>\n<meta property=\"article:modified_time\" content=\"2023-08-04T16:22:54+00:00\" \/>\n<meta property=\"og:image\" content=\"https:\/\/categoriaoutros.com.br\/wp-content\/uploads\/2023\/08\/pinguim-paginas-padrao.webp\" \/>\n\t<meta property=\"og:image:width\" content=\"1022\" \/>\n\t<meta property=\"og:image:height\" content=\"722\" \/>\n\t<meta property=\"og:image:type\" content=\"image\/webp\" \/>\n<meta name=\"twitter:card\" content=\"summary_large_image\" \/>\n<meta name=\"twitter:site\" content=\"@CategoriaOutros\" \/>\n<meta name=\"twitter:label1\" content=\"Est. tempo de leitura\" \/>\n\t<meta name=\"twitter:data1\" content=\"2 minutos\" \/>\n<script type=\"application\/ld+json\" class=\"yoast-schema-graph\">{\"@context\":\"https:\/\/schema.org\",\"@graph\":[{\"@type\":\"WebPage\",\"@id\":\"https:\/\/categoriaoutros.com.br\/?page_id=6474\",\"url\":\"https:\/\/categoriaoutros.com.br\/?page_id=6474\",\"name\":\"TUTORIAIS: LINUX - Categoria Outros\",\"isPartOf\":{\"@id\":\"https:\/\/categoriaoutros.com.br\/#website\"},\"datePublished\":\"2022-11-22T13:56:14+00:00\",\"dateModified\":\"2023-08-04T16:22:54+00:00\",\"breadcrumb\":{\"@id\":\"https:\/\/categoriaoutros.com.br\/?page_id=6474#breadcrumb\"},\"inLanguage\":\"pt-BR\",\"potentialAction\":[{\"@type\":\"ReadAction\",\"target\":[\"https:\/\/categoriaoutros.com.br\/?page_id=6474\"]}]},{\"@type\":\"BreadcrumbList\",\"@id\":\"https:\/\/categoriaoutros.com.br\/?page_id=6474#breadcrumb\",\"itemListElement\":[{\"@type\":\"ListItem\",\"position\":1,\"name\":\"In\u00edcio\",\"item\":\"https:\/\/categoriaoutros.com.br\/\"},{\"@type\":\"ListItem\",\"position\":2,\"name\":\"TUTORIAIS: LINUX\"}]},{\"@type\":\"WebSite\",\"@id\":\"https:\/\/categoriaoutros.com.br\/#website\",\"url\":\"https:\/\/categoriaoutros.com.br\/\",\"name\":\"Categoria Outros\",\"description\":\"Assuntos Diversos\",\"publisher\":{\"@id\":\"https:\/\/categoriaoutros.com.br\/#organization\"},\"potentialAction\":[{\"@type\":\"SearchAction\",\"target\":{\"@type\":\"EntryPoint\",\"urlTemplate\":\"https:\/\/categoriaoutros.com.br\/?s={search_term_string}\"},\"query-input\":\"required name=search_term_string\"}],\"inLanguage\":\"pt-BR\"},{\"@type\":\"Organization\",\"@id\":\"https:\/\/categoriaoutros.com.br\/#organization\",\"name\":\"Categoria Outros\",\"alternateName\":\"Categoria Outros\",\"url\":\"https:\/\/categoriaoutros.com.br\/\",\"logo\":{\"@type\":\"ImageObject\",\"inLanguage\":\"pt-BR\",\"@id\":\"https:\/\/categoriaoutros.com.br\/#\/schema\/logo\/image\/\",\"url\":\"https:\/\/categoriaoutros.com.br\/wp-content\/uploads\/2023\/08\/categoriaoutros-logo.jpg\",\"contentUrl\":\"https:\/\/categoriaoutros.com.br\/wp-content\/uploads\/2023\/08\/categoriaoutros-logo.jpg\",\"width\":400,\"height\":400,\"caption\":\"Categoria Outros\"},\"image\":{\"@id\":\"https:\/\/categoriaoutros.com.br\/#\/schema\/logo\/image\/\"},\"sameAs\":[\"https:\/\/www.facebook.com\/categoriaoutros\",\"https:\/\/twitter.com\/CategoriaOutros\",\"https:\/\/br.pinterest.com\/CategoriaOutros\/\"]}]}<\/script>\n<!-- \/ Yoast SEO plugin. -->","yoast_head_json":{"title":"TUTORIAIS: LINUX - Categoria Outros","robots":{"index":"index","follow":"follow","max-snippet":"max-snippet:-1","max-image-preview":"max-image-preview:large","max-video-preview":"max-video-preview:-1"},"canonical":"https:\/\/categoriaoutros.com.br\/?page_id=6474","og_locale":"pt_BR","og_type":"article","og_title":"TUTORIAIS: LINUX - Categoria Outros","og_description":"Aqui est\u00e3o links sobre Tutoriais, Curso e Manuais de comandos de Linux. Esta p\u00e1gina est\u00e1 sendo alimentada com frequ\u00eancia e, assim, novos manuais, help(ajuda) de comandos e tutoriais s\u00e3o inclu\u00eddos. CURSO DE LINUX TUTORIAIS SOBRE LINUX Para os Outros Tutoriais Linux Clique em: https:\/\/categoriaoutros.com.br\/linux-tutoriais MANUAIS e HELP de Comandos Linux EM PORTUGU\u00caS","og_url":"https:\/\/categoriaoutros.com.br\/?page_id=6474","og_site_name":"Categoria Outros","article_publisher":"https:\/\/www.facebook.com\/categoriaoutros","article_modified_time":"2023-08-04T16:22:54+00:00","og_image":[{"width":1022,"height":722,"url":"https:\/\/categoriaoutros.com.br\/wp-content\/uploads\/2023\/08\/pinguim-paginas-padrao.webp","type":"image\/webp"}],"twitter_card":"summary_large_image","twitter_site":"@CategoriaOutros","twitter_misc":{"Est. tempo de leitura":"2 minutos"},"schema":{"@context":"https:\/\/schema.org","@graph":[{"@type":"WebPage","@id":"https:\/\/categoriaoutros.com.br\/?page_id=6474","url":"https:\/\/categoriaoutros.com.br\/?page_id=6474","name":"TUTORIAIS: LINUX - Categoria Outros","isPartOf":{"@id":"https:\/\/categoriaoutros.com.br\/#website"},"datePublished":"2022-11-22T13:56:14+00:00","dateModified":"2023-08-04T16:22:54+00:00","breadcrumb":{"@id":"https:\/\/categoriaoutros.com.br\/?page_id=6474#breadcrumb"},"inLanguage":"pt-BR","potentialAction":[{"@type":"ReadAction","target":["https:\/\/categoriaoutros.com.br\/?page_id=6474"]}]},{"@type":"BreadcrumbList","@id":"https:\/\/categoriaoutros.com.br\/?page_id=6474#breadcrumb","itemListElement":[{"@type":"ListItem","position":1,"name":"In\u00edcio","item":"https:\/\/categoriaoutros.com.br\/"},{"@type":"ListItem","position":2,"name":"TUTORIAIS: LINUX"}]},{"@type":"WebSite","@id":"https:\/\/categoriaoutros.com.br\/#website","url":"https:\/\/categoriaoutros.com.br\/","name":"Categoria Outros","description":"Assuntos Diversos","publisher":{"@id":"https:\/\/categoriaoutros.com.br\/#organization"},"potentialAction":[{"@type":"SearchAction","target":{"@type":"EntryPoint","urlTemplate":"https:\/\/categoriaoutros.com.br\/?s={search_term_string}"},"query-input":"required name=search_term_string"}],"inLanguage":"pt-BR"},{"@type":"Organization","@id":"https:\/\/categoriaoutros.com.br\/#organization","name":"Categoria Outros","alternateName":"Categoria Outros","url":"https:\/\/categoriaoutros.com.br\/","logo":{"@type":"ImageObject","inLanguage":"pt-BR","@id":"https:\/\/categoriaoutros.com.br\/#\/schema\/logo\/image\/","url":"https:\/\/categoriaoutros.com.br\/wp-content\/uploads\/2023\/08\/categoriaoutros-logo.jpg","contentUrl":"https:\/\/categoriaoutros.com.br\/wp-content\/uploads\/2023\/08\/categoriaoutros-logo.jpg","width":400,"height":400,"caption":"Categoria Outros"},"image":{"@id":"https:\/\/categoriaoutros.com.br\/#\/schema\/logo\/image\/"},"sameAs":["https:\/\/www.facebook.com\/categoriaoutros","https:\/\/twitter.com\/CategoriaOutros","https:\/\/br.pinterest.com\/CategoriaOutros\/"]}]}},"_links":{"self":[{"href":"https:\/\/categoriaoutros.com.br\/index.php?rest_route=\/wp\/v2\/pages\/6474","targetHints":{"allow":["GET"]}}],"collection":[{"href":"https:\/\/categoriaoutros.com.br\/index.php?rest_route=\/wp\/v2\/pages"}],"about":[{"href":"https:\/\/categoriaoutros.com.br\/index.php?rest_route=\/wp\/v2\/types\/page"}],"author":[{"embeddable":true,"href":"https:\/\/categoriaoutros.com.br\/index.php?rest_route=\/wp\/v2\/users\/1"}],"replies":[{"embeddable":true,"href":"https:\/\/categoriaoutros.com.br\/index.php?rest_route=%2Fwp%2Fv2%2Fcomments&post=6474"}],"version-history":[{"count":27,"href":"https:\/\/categoriaoutros.com.br\/index.php?rest_route=\/wp\/v2\/pages\/6474\/revisions"}],"predecessor-version":[{"id":12215,"href":"https:\/\/categoriaoutros.com.br\/index.php?rest_route=\/wp\/v2\/pages\/6474\/revisions\/12215"}],"wp:attachment":[{"href":"https:\/\/categoriaoutros.com.br\/index.php?rest_route=%2Fwp%2Fv2%2Fmedia&parent=6474"}],"curies":[{"name":"wp","href":"https:\/\/api.w.org\/{rel}","templated":true}]}}