{"id":13736,"date":"2023-10-10T11:23:52","date_gmt":"2023-10-10T14:23:52","guid":{"rendered":"https:\/\/categoriaoutros.com.br\/?page_id=13736"},"modified":"2023-10-10T11:23:53","modified_gmt":"2023-10-10T14:23:53","slug":"politica-de-privacidade","status":"publish","type":"page","link":"https:\/\/categoriaoutros.com.br\/?page_id=13736","title":{"rendered":"Pol\u00edtica de Privacidade"},"content":{"rendered":"\n<h2 class=\"wp-block-heading\">Quem n\u00f3s somos<\/h2>\n\n\n\n<p>O endere\u00e7o do nosso site \u00e9: http:\/\/categoriaoutros.com.br.<\/p>\n\n\n\n<h2 class=\"wp-block-heading\">Quais dados pessoais coletamos e por que os coletamos<\/h2>\n\n\n\n<h3 class=\"wp-block-heading\">Coment\u00e1rios<\/h3>\n\n\n\n<p>Quando os visitantes deixam coment\u00e1rios no site, coletamos os dados mostrados no formul\u00e1rio de coment\u00e1rios, e tamb\u00e9m o endere\u00e7o IP do visitante e a string do agente do usu\u00e1rio do navegador para ajudar na detec\u00e7\u00e3o de spam.<\/p>\n\n\n\n<p>Uma string an\u00f4nima criada a partir do seu endere\u00e7o de e-mail (tamb\u00e9m chamada de hash) pode ser fornecida ao servi\u00e7o Gravatar para verificar se voc\u00ea a est\u00e1 usando.&nbsp;A pol\u00edtica de privacidade do servi\u00e7o Gravatar est\u00e1 dispon\u00edvel aqui: https:\/\/automattic.com\/privacy\/.&nbsp;Ap\u00f3s a aprova\u00e7\u00e3o do seu coment\u00e1rio, a foto do seu perfil fica vis\u00edvel ao p\u00fablico no contexto do seu coment\u00e1rio.<\/p>\n\n\n\n<h3 class=\"wp-block-heading\">Meios de comunica\u00e7\u00e3o<\/h3>\n\n\n\n<p>Se voc\u00ea enviar imagens para o site, evite enviar imagens com dados de localiza\u00e7\u00e3o incorporados (EXIF GPS) inclu\u00eddos.&nbsp;Os visitantes do site podem baixar e extrair quaisquer dados de localiza\u00e7\u00e3o das imagens do site.<\/p>\n\n\n\n<h3 class=\"wp-block-heading\">Formul\u00e1rios de contato<\/h3>\n\n\n\n<h3 class=\"wp-block-heading\">Cookies<\/h3>\n\n\n\n<p>Se voc\u00ea deixar um coment\u00e1rio em nosso site, poder\u00e1 optar por salvar seu nome, endere\u00e7o de e-mail e site em cookies.&nbsp;S\u00e3o para sua comodidade, para que voc\u00ea n\u00e3o precise preencher seus dados novamente ao deixar outro coment\u00e1rio.&nbsp;Esses cookies duram um ano.<\/p>\n\n\n\n<p>Se voc\u00ea visitar nossa p\u00e1gina de login, definiremos um cookie tempor\u00e1rio para determinar se o seu navegador aceita cookies.&nbsp;Este cookie n\u00e3o cont\u00e9m dados pessoais e \u00e9 descartado quando voc\u00ea fecha o navegador.<\/p>\n\n\n\n<p>Quando voc\u00ea fizer login, tamb\u00e9m configuraremos v\u00e1rios cookies para salvar suas informa\u00e7\u00f5es de login e suas op\u00e7\u00f5es de exibi\u00e7\u00e3o na tela.&nbsp;Os cookies de login duram dois dias e os cookies de op\u00e7\u00f5es de tela duram um ano.&nbsp;Se voc\u00ea selecionar &#8220;Lembrar-me&#8221;, seu login persistir\u00e1 por duas semanas.&nbsp;Se voc\u00ea sair da sua conta, os cookies de login ser\u00e3o removidos.<\/p>\n\n\n\n<p>Se voc\u00ea editar ou publicar um artigo, um cookie adicional ser\u00e1 salvo no seu navegador.&nbsp;Este cookie n\u00e3o inclui dados pessoais e simplesmente indica o ID da postagem do artigo que voc\u00ea acabou de editar.&nbsp;Ele expira ap\u00f3s 1 dia.<\/p>\n\n\n\n<h3 class=\"wp-block-heading\">Conte\u00fado incorporado de outros sites<\/h3>\n\n\n\n<p>Os artigos neste site podem incluir conte\u00fado incorporado (por exemplo, v\u00eddeos, imagens, artigos, etc.).&nbsp;O conte\u00fado incorporado de outros sites se comporta exatamente da mesma maneira como se o visitante tivesse visitado o outro site.<\/p>\n\n\n\n<p>Esses sites podem coletar dados sobre voc\u00ea, usar cookies, incorporar rastreamento adicional de terceiros e monitorar sua intera\u00e7\u00e3o com esse conte\u00fado incorporado, incluindo rastrear sua intera\u00e7\u00e3o com o conte\u00fado incorporado se voc\u00ea tiver uma conta e estiver conectado a esse site.<\/p>\n\n\n\n<h3 class=\"wp-block-heading\">An\u00e1lise<\/h3>\n\n\n\n<h2 class=\"wp-block-heading\">Com quem partilhamos os seus dados<\/h2>\n\n\n\n<h2 class=\"wp-block-heading\">Por quanto tempo retemos seus dados<\/h2>\n\n\n\n<p>Se voc\u00ea deixar um coment\u00e1rio, o coment\u00e1rio e seus metadados ser\u00e3o retidos indefinidamente.&nbsp;Isso ocorre para que possamos reconhecer e aprovar quaisquer coment\u00e1rios de acompanhamento automaticamente, em vez de mant\u00ea-los em uma fila de modera\u00e7\u00e3o.<\/p>\n\n\n\n<p>Para os usu\u00e1rios que se cadastram em nosso site (se houver), tamb\u00e9m armazenamos as informa\u00e7\u00f5es pessoais que eles fornecem em seu perfil de usu\u00e1rio.&nbsp;Todos os usu\u00e1rios podem ver, editar ou excluir suas informa\u00e7\u00f5es pessoais a qualquer momento (exceto que n\u00e3o podem alterar seu nome de usu\u00e1rio).&nbsp;Os administradores do site tamb\u00e9m podem ver e editar essas informa\u00e7\u00f5es.<\/p>\n\n\n\n<h2 class=\"wp-block-heading\">Quais direitos voc\u00ea tem sobre seus dados<\/h2>\n\n\n\n<p>Se voc\u00ea possui uma conta neste site ou deixou coment\u00e1rios, pode solicitar o recebimento de um arquivo exportado com os dados pessoais que mantemos sobre voc\u00ea, incluindo quaisquer dados que voc\u00ea nos forneceu.&nbsp;Voc\u00ea tamb\u00e9m pode solicitar que apaguemos quaisquer dados pessoais que mantemos sobre voc\u00ea.&nbsp;Isto n\u00e3o inclui quaisquer dados que somos obrigados a manter para fins administrativos, legais ou de seguran\u00e7a.<\/p>\n\n\n\n<h2 class=\"wp-block-heading\">Para onde enviamos os seus dados<\/h2>\n\n\n\n<p>Os coment\u00e1rios dos visitantes podem ser verificados atrav\u00e9s de um servi\u00e7o automatizado de detec\u00e7\u00e3o de spam.<\/p>\n\n\n\n<h2 class=\"wp-block-heading\">Sua informa\u00e7\u00e3o de contato<\/h2>\n\n\n\n<h2 class=\"wp-block-heading\">Informa\u00e7\u00f5es adicionais<\/h2>\n\n\n\n<h3 class=\"wp-block-heading\">Como protegemos seus dados<\/h3>\n\n\n\n<h3 class=\"wp-block-heading\">Quais procedimentos de viola\u00e7\u00e3o de dados temos em vigor<\/h3>\n\n\n\n<h3 class=\"wp-block-heading\">De quais terceiros recebemos dados<\/h3>\n\n\n\n<h3 class=\"wp-block-heading\">Que tomadas de decis\u00e3o e\/ou perfis automatizados fazemos com os dados do usu\u00e1rio<\/h3>\n\n\n\n<h3 class=\"wp-block-heading\">Requisitos de divulga\u00e7\u00e3o regulat\u00f3ria da ind\u00fastria<\/h3>\n","protected":false},"excerpt":{"rendered":"<p>Quem n\u00f3s somos O endere\u00e7o do nosso site \u00e9: http:\/\/categoriaoutros.com.br. Quais dados pessoais coletamos e por que os coletamos Coment\u00e1rios Quando os visitantes deixam coment\u00e1rios no site, coletamos os dados mostrados no formul\u00e1rio de coment\u00e1rios, e tamb\u00e9m o endere\u00e7o IP do visitante e a string do agente do usu\u00e1rio do navegador para ajudar na detec\u00e7\u00e3o&#8230;<\/p>\n<p class=\"more-link-wrap\"><a href=\"https:\/\/categoriaoutros.com.br\/?page_id=13736\" class=\"more-link\">Read More<span class=\"screen-reader-text\"> &ldquo;Pol\u00edtica de Privacidade&rdquo;<\/span> &raquo;<\/a><\/p>\n","protected":false},"author":1,"featured_media":0,"parent":0,"menu_order":0,"comment_status":"closed","ping_status":"closed","template":"","meta":{"footnotes":""},"class_list":["post-13736","page","type-page","status-publish","hentry"],"yoast_head":"<!-- This site is optimized with the Yoast SEO plugin v21.0 - https:\/\/yoast.com\/wordpress\/plugins\/seo\/ -->\n<title>Pol\u00edtica de Privacidade - Categoria Outros<\/title>\n<meta name=\"robots\" content=\"index, follow, max-snippet:-1, max-image-preview:large, max-video-preview:-1\" \/>\n<link rel=\"canonical\" href=\"https:\/\/categoriaoutros.com.br\/?page_id=13736\" \/>\n<meta property=\"og:locale\" content=\"pt_BR\" \/>\n<meta property=\"og:type\" content=\"article\" \/>\n<meta property=\"og:title\" content=\"Pol\u00edtica de Privacidade - Categoria Outros\" \/>\n<meta property=\"og:description\" content=\"Quem n\u00f3s somos O endere\u00e7o do nosso site \u00e9: http:\/\/categoriaoutros.com.br. Quais dados pessoais coletamos e por que os coletamos Coment\u00e1rios Quando os visitantes deixam coment\u00e1rios no site, coletamos os dados mostrados no formul\u00e1rio de coment\u00e1rios, e tamb\u00e9m o endere\u00e7o IP do visitante e a string do agente do usu\u00e1rio do navegador para ajudar na detec\u00e7\u00e3o...Read More &ldquo;Pol\u00edtica de Privacidade&rdquo; &raquo;\" \/>\n<meta property=\"og:url\" content=\"https:\/\/categoriaoutros.com.br\/?page_id=13736\" \/>\n<meta property=\"og:site_name\" content=\"Categoria Outros\" \/>\n<meta property=\"article:publisher\" content=\"https:\/\/www.facebook.com\/categoriaoutros\" \/>\n<meta property=\"article:modified_time\" content=\"2023-10-10T14:23:53+00:00\" \/>\n<meta property=\"og:image\" content=\"https:\/\/categoriaoutros.com.br\/wp-content\/uploads\/2023\/08\/pinguim-paginas-padrao.webp\" \/>\n\t<meta property=\"og:image:width\" content=\"1022\" \/>\n\t<meta property=\"og:image:height\" content=\"722\" \/>\n\t<meta property=\"og:image:type\" content=\"image\/webp\" \/>\n<meta name=\"twitter:card\" content=\"summary_large_image\" \/>\n<meta name=\"twitter:site\" content=\"@CategoriaOutros\" \/>\n<meta name=\"twitter:label1\" content=\"Est. tempo de leitura\" \/>\n\t<meta name=\"twitter:data1\" content=\"4 minutos\" \/>\n<script type=\"application\/ld+json\" class=\"yoast-schema-graph\">{\"@context\":\"https:\/\/schema.org\",\"@graph\":[{\"@type\":\"WebPage\",\"@id\":\"https:\/\/categoriaoutros.com.br\/?page_id=13736\",\"url\":\"https:\/\/categoriaoutros.com.br\/?page_id=13736\",\"name\":\"Pol\u00edtica de Privacidade - Categoria Outros\",\"isPartOf\":{\"@id\":\"https:\/\/categoriaoutros.com.br\/#website\"},\"datePublished\":\"2023-10-10T14:23:52+00:00\",\"dateModified\":\"2023-10-10T14:23:53+00:00\",\"breadcrumb\":{\"@id\":\"https:\/\/categoriaoutros.com.br\/?page_id=13736#breadcrumb\"},\"inLanguage\":\"pt-BR\",\"potentialAction\":[{\"@type\":\"ReadAction\",\"target\":[\"https:\/\/categoriaoutros.com.br\/?page_id=13736\"]}]},{\"@type\":\"BreadcrumbList\",\"@id\":\"https:\/\/categoriaoutros.com.br\/?page_id=13736#breadcrumb\",\"itemListElement\":[{\"@type\":\"ListItem\",\"position\":1,\"name\":\"In\u00edcio\",\"item\":\"https:\/\/categoriaoutros.com.br\/\"},{\"@type\":\"ListItem\",\"position\":2,\"name\":\"Pol\u00edtica de Privacidade\"}]},{\"@type\":\"WebSite\",\"@id\":\"https:\/\/categoriaoutros.com.br\/#website\",\"url\":\"https:\/\/categoriaoutros.com.br\/\",\"name\":\"Categoria Outros\",\"description\":\"Assuntos Diversos\",\"publisher\":{\"@id\":\"https:\/\/categoriaoutros.com.br\/#organization\"},\"potentialAction\":[{\"@type\":\"SearchAction\",\"target\":{\"@type\":\"EntryPoint\",\"urlTemplate\":\"https:\/\/categoriaoutros.com.br\/?s={search_term_string}\"},\"query-input\":\"required name=search_term_string\"}],\"inLanguage\":\"pt-BR\"},{\"@type\":\"Organization\",\"@id\":\"https:\/\/categoriaoutros.com.br\/#organization\",\"name\":\"Categoria Outros\",\"alternateName\":\"Categoria Outros\",\"url\":\"https:\/\/categoriaoutros.com.br\/\",\"logo\":{\"@type\":\"ImageObject\",\"inLanguage\":\"pt-BR\",\"@id\":\"https:\/\/categoriaoutros.com.br\/#\/schema\/logo\/image\/\",\"url\":\"https:\/\/categoriaoutros.com.br\/wp-content\/uploads\/2023\/08\/categoriaoutros-logo.jpg\",\"contentUrl\":\"https:\/\/categoriaoutros.com.br\/wp-content\/uploads\/2023\/08\/categoriaoutros-logo.jpg\",\"width\":400,\"height\":400,\"caption\":\"Categoria Outros\"},\"image\":{\"@id\":\"https:\/\/categoriaoutros.com.br\/#\/schema\/logo\/image\/\"},\"sameAs\":[\"https:\/\/www.facebook.com\/categoriaoutros\",\"https:\/\/twitter.com\/CategoriaOutros\",\"https:\/\/br.pinterest.com\/CategoriaOutros\/\"]}]}<\/script>\n<!-- \/ Yoast SEO plugin. -->","yoast_head_json":{"title":"Pol\u00edtica de Privacidade - Categoria Outros","robots":{"index":"index","follow":"follow","max-snippet":"max-snippet:-1","max-image-preview":"max-image-preview:large","max-video-preview":"max-video-preview:-1"},"canonical":"https:\/\/categoriaoutros.com.br\/?page_id=13736","og_locale":"pt_BR","og_type":"article","og_title":"Pol\u00edtica de Privacidade - Categoria Outros","og_description":"Quem n\u00f3s somos O endere\u00e7o do nosso site \u00e9: http:\/\/categoriaoutros.com.br. Quais dados pessoais coletamos e por que os coletamos Coment\u00e1rios Quando os visitantes deixam coment\u00e1rios no site, coletamos os dados mostrados no formul\u00e1rio de coment\u00e1rios, e tamb\u00e9m o endere\u00e7o IP do visitante e a string do agente do usu\u00e1rio do navegador para ajudar na detec\u00e7\u00e3o...Read More &ldquo;Pol\u00edtica de Privacidade&rdquo; &raquo;","og_url":"https:\/\/categoriaoutros.com.br\/?page_id=13736","og_site_name":"Categoria Outros","article_publisher":"https:\/\/www.facebook.com\/categoriaoutros","article_modified_time":"2023-10-10T14:23:53+00:00","og_image":[{"width":1022,"height":722,"url":"https:\/\/categoriaoutros.com.br\/wp-content\/uploads\/2023\/08\/pinguim-paginas-padrao.webp","type":"image\/webp"}],"twitter_card":"summary_large_image","twitter_site":"@CategoriaOutros","twitter_misc":{"Est. tempo de leitura":"4 minutos"},"schema":{"@context":"https:\/\/schema.org","@graph":[{"@type":"WebPage","@id":"https:\/\/categoriaoutros.com.br\/?page_id=13736","url":"https:\/\/categoriaoutros.com.br\/?page_id=13736","name":"Pol\u00edtica de Privacidade - Categoria Outros","isPartOf":{"@id":"https:\/\/categoriaoutros.com.br\/#website"},"datePublished":"2023-10-10T14:23:52+00:00","dateModified":"2023-10-10T14:23:53+00:00","breadcrumb":{"@id":"https:\/\/categoriaoutros.com.br\/?page_id=13736#breadcrumb"},"inLanguage":"pt-BR","potentialAction":[{"@type":"ReadAction","target":["https:\/\/categoriaoutros.com.br\/?page_id=13736"]}]},{"@type":"BreadcrumbList","@id":"https:\/\/categoriaoutros.com.br\/?page_id=13736#breadcrumb","itemListElement":[{"@type":"ListItem","position":1,"name":"In\u00edcio","item":"https:\/\/categoriaoutros.com.br\/"},{"@type":"ListItem","position":2,"name":"Pol\u00edtica de Privacidade"}]},{"@type":"WebSite","@id":"https:\/\/categoriaoutros.com.br\/#website","url":"https:\/\/categoriaoutros.com.br\/","name":"Categoria Outros","description":"Assuntos Diversos","publisher":{"@id":"https:\/\/categoriaoutros.com.br\/#organization"},"potentialAction":[{"@type":"SearchAction","target":{"@type":"EntryPoint","urlTemplate":"https:\/\/categoriaoutros.com.br\/?s={search_term_string}"},"query-input":"required name=search_term_string"}],"inLanguage":"pt-BR"},{"@type":"Organization","@id":"https:\/\/categoriaoutros.com.br\/#organization","name":"Categoria Outros","alternateName":"Categoria Outros","url":"https:\/\/categoriaoutros.com.br\/","logo":{"@type":"ImageObject","inLanguage":"pt-BR","@id":"https:\/\/categoriaoutros.com.br\/#\/schema\/logo\/image\/","url":"https:\/\/categoriaoutros.com.br\/wp-content\/uploads\/2023\/08\/categoriaoutros-logo.jpg","contentUrl":"https:\/\/categoriaoutros.com.br\/wp-content\/uploads\/2023\/08\/categoriaoutros-logo.jpg","width":400,"height":400,"caption":"Categoria Outros"},"image":{"@id":"https:\/\/categoriaoutros.com.br\/#\/schema\/logo\/image\/"},"sameAs":["https:\/\/www.facebook.com\/categoriaoutros","https:\/\/twitter.com\/CategoriaOutros","https:\/\/br.pinterest.com\/CategoriaOutros\/"]}]}},"_links":{"self":[{"href":"https:\/\/categoriaoutros.com.br\/index.php?rest_route=\/wp\/v2\/pages\/13736","targetHints":{"allow":["GET"]}}],"collection":[{"href":"https:\/\/categoriaoutros.com.br\/index.php?rest_route=\/wp\/v2\/pages"}],"about":[{"href":"https:\/\/categoriaoutros.com.br\/index.php?rest_route=\/wp\/v2\/types\/page"}],"author":[{"embeddable":true,"href":"https:\/\/categoriaoutros.com.br\/index.php?rest_route=\/wp\/v2\/users\/1"}],"replies":[{"embeddable":true,"href":"https:\/\/categoriaoutros.com.br\/index.php?rest_route=%2Fwp%2Fv2%2Fcomments&post=13736"}],"version-history":[{"count":1,"href":"https:\/\/categoriaoutros.com.br\/index.php?rest_route=\/wp\/v2\/pages\/13736\/revisions"}],"predecessor-version":[{"id":13737,"href":"https:\/\/categoriaoutros.com.br\/index.php?rest_route=\/wp\/v2\/pages\/13736\/revisions\/13737"}],"wp:attachment":[{"href":"https:\/\/categoriaoutros.com.br\/index.php?rest_route=%2Fwp%2Fv2%2Fmedia&parent=13736"}],"curies":[{"name":"wp","href":"https:\/\/api.w.org\/{rel}","templated":true}]}}